{"id":161,"date":"2013-05-14T08:31:00","date_gmt":"2013-05-14T05:31:00","guid":{"rendered":"http:\/\/sadikacar.com.tr\/?page_id=161"},"modified":"2013-05-14T08:31:00","modified_gmt":"2013-05-14T05:31:00","slug":"faydali-linkler","status":"publish","type":"page","link":"http:\/\/www.adilgemalmaz.com\/?page_id=161","title":{"rendered":"Faydal\u0131 Linkler"},"content":{"rendered":"<p><a href=\"http:\/\/www.tccb.gov.tr\/\">CUMHURBA\u015eKANLI\u011eI<\/a><\/p>\n<p><a href=\"http:\/\/www.basbakanlik.gov.tr\/Forms\/pMain.aspx\">BA\u015eBAKANLIK<\/a><\/p>\n<p><a href=\"http:\/\/www.resmigazete.gov.tr\/default.aspx\">RESM\u0130 GAZETE<\/a><\/p>\n<p><a href=\"https:\/\/ebeyanname.gib.gov.tr\/index.html\">E BEYANNAME<\/a><\/p>\n<p><a href=\"http:\/\/www.sgk.gov.tr\/wps\/portal\/tr\/e_sgk\/e_bildirge\">E B\u0130LD\u0130RGE<\/a><\/p>\n<p><a href=\"https:\/\/www.turkiye.gov.tr\/bimer-basvuru\">B\u0130MER (BA\u015eBAKANLIK \u0130LET\u0130\u015e\u0130M MRK)<\/a><\/p>\n<p><a href=\"http:\/\/www.gib.gov.tr\/\">GEL\u0130R \u0130DARES\u0130 BA\u015eKANLI\u011eI<\/a><\/p>\n<p><a href=\"https:\/\/intvd.gib.gov.tr\/internetvd\/index.jsp\">\u0130NTERNET VERG\u0130 DA\u0130RES\u0130<\/a><\/p>\n<p><a href=\"http:\/\/uyg.sgk.gov.tr\/vizite\/welcome.do\">\u00c7ALI\u015eMADI\u011eINA DA\u0130R B\u0130LD\u0130R\u0130M<\/a><\/p>\n<p><a href=\"https:\/\/esgm.sgk.gov.tr\/Esgm\/\">SGK H\u0130ZMET SORGULAMA<\/a><\/p>\n<p><a href=\"https:\/\/intvd.gib.gov.tr\/internetvd\/index.jsp\">MTV SORGULAMA<\/a><\/p>\n<p><a href=\"https:\/\/intvd.gib.gov.tr\/internetvd\/index.jsp\">VERG\u0130 NO SORGULAMA<\/a><\/p>\n<p><a href=\"http:\/\/uyg.sgk.gov.tr\/SigortaliTescil\/amp\/loginldap\">\u0130\u015eE G\u0130R\u0130\u015e VE \u00c7IKI\u015e B\u0130LD\u0130R\u0130M\u0130<\/a><\/p>\n<p><a href=\"http:\/\/uyg.sgk.gov.tr\/IsvBildirimFormu\/welcome.do\">\u0130\u015e KAZASI VE MESLEK HASTALIKLARI B\u0130LD.<\/a><\/p>\n<p>&nbsp;<\/p>\n","protected":false},"excerpt":{"rendered":"<p>CUMHURBA\u015eKANLI\u011eI BA\u015eBAKANLIK RESM\u0130 GAZETE E BEYANNAME E B\u0130LD\u0130RGE B\u0130MER (BA\u015eBAKANLIK \u0130LET\u0130\u015e\u0130M MRK) GEL\u0130R \u0130DARES\u0130 BA\u015eKANLI\u011eI \u0130NTERNET VERG\u0130 DA\u0130RES\u0130 \u00c7ALI\u015eMADI\u011eINA DA\u0130R B\u0130LD\u0130R\u0130M SGK H\u0130ZMET SORGULAMA MTV SORGULAMA VERG\u0130 NO SORGULAMA \u0130\u015eE G\u0130R\u0130\u015e VE \u00c7IKI\u015e B\u0130LD\u0130R\u0130M\u0130 \u0130\u015e KAZASI VE MESLEK HASTALIKLARI B\u0130LD. &nbsp;<\/p>\n","protected":false},"author":1,"featured_media":0,"parent":0,"menu_order":0,"comment_status":"closed","ping_status":"closed","template":"","meta":{"footnotes":""},"class_list":["post-161","page","type-page","status-publish","hentry"],"_links":{"self":[{"href":"http:\/\/www.adilgemalmaz.com\/index.php?rest_route=\/wp\/v2\/pages\/161","targetHints":{"allow":["GET"]}}],"collection":[{"href":"http:\/\/www.adilgemalmaz.com\/index.php?rest_route=\/wp\/v2\/pages"}],"about":[{"href":"http:\/\/www.adilgemalmaz.com\/index.php?rest_route=\/wp\/v2\/types\/page"}],"author":[{"embeddable":true,"href":"http:\/\/www.adilgemalmaz.com\/index.php?rest_route=\/wp\/v2\/users\/1"}],"replies":[{"embeddable":true,"href":"http:\/\/www.adilgemalmaz.com\/index.php?rest_route=%2Fwp%2Fv2%2Fcomments&post=161"}],"version-history":[{"count":0,"href":"http:\/\/www.adilgemalmaz.com\/index.php?rest_route=\/wp\/v2\/pages\/161\/revisions"}],"wp:attachment":[{"href":"http:\/\/www.adilgemalmaz.com\/index.php?rest_route=%2Fwp%2Fv2%2Fmedia&parent=161"}],"curies":[{"name":"wp","href":"https:\/\/api.w.org\/{rel}","templated":true}]}}