{"id":131,"date":"2011-03-14T08:51:39","date_gmt":"2011-03-14T08:51:39","guid":{"rendered":"http:\/\/www.vergihaber.net\/?page_id=54"},"modified":"2011-03-14T08:51:39","modified_gmt":"2011-03-14T08:51:39","slug":"sosyal-guvenlik-terimleri-sozlugu-2","status":"publish","type":"page","link":"http:\/\/www.adilgemalmaz.com\/?page_id=131","title":{"rendered":"Sosyal G\u00fcvenlik Terimleri S\u00f6zl\u00fc\u011f\u00fc"},"content":{"rendered":"<p style=\"text-align: center;\"><a href=\"http:\/\/www.alomaliye.com\/2010\/sosyal_guvenlik_terimleri_sozlugu.rar\"><img loading=\"lazy\" decoding=\"async\" class=\"aligncenter\" title=\"Sozluk indir\" src=\"http:\/\/www.alohaber.net\/wp\/sozlukindir.png\" alt=\"\" width=\"236\" height=\"70\" \/><\/a>\u0130ndirmek \u0130\u00e7in \u00dcstteki Butona T\u0131klay\u0131n\u0131z<\/p>\n","protected":false},"excerpt":{"rendered":"<p>\u0130ndirmek \u0130\u00e7in \u00dcstteki Butona T\u0131klay\u0131n\u0131z<\/p>\n","protected":false},"author":1,"featured_media":0,"parent":0,"menu_order":0,"comment_status":"open","ping_status":"open","template":"","meta":{"footnotes":""},"class_list":["post-131","page","type-page","status-publish","hentry"],"_links":{"self":[{"href":"http:\/\/www.adilgemalmaz.com\/index.php?rest_route=\/wp\/v2\/pages\/131","targetHints":{"allow":["GET"]}}],"collection":[{"href":"http:\/\/www.adilgemalmaz.com\/index.php?rest_route=\/wp\/v2\/pages"}],"about":[{"href":"http:\/\/www.adilgemalmaz.com\/index.php?rest_route=\/wp\/v2\/types\/page"}],"author":[{"embeddable":true,"href":"http:\/\/www.adilgemalmaz.com\/index.php?rest_route=\/wp\/v2\/users\/1"}],"replies":[{"embeddable":true,"href":"http:\/\/www.adilgemalmaz.com\/index.php?rest_route=%2Fwp%2Fv2%2Fcomments&post=131"}],"version-history":[{"count":0,"href":"http:\/\/www.adilgemalmaz.com\/index.php?rest_route=\/wp\/v2\/pages\/131\/revisions"}],"wp:attachment":[{"href":"http:\/\/www.adilgemalmaz.com\/index.php?rest_route=%2Fwp%2Fv2%2Fmedia&parent=131"}],"curies":[{"name":"wp","href":"https:\/\/api.w.org\/{rel}","templated":true}]}}