{"id":123,"date":"2011-03-14T08:48:51","date_gmt":"2011-03-14T08:48:51","guid":{"rendered":"http:\/\/www.vergihaber.net\/?page_id=37"},"modified":"2011-03-14T08:48:51","modified_gmt":"2011-03-14T08:48:51","slug":"kooperatifler-mevzuati-2","status":"publish","type":"page","link":"http:\/\/www.adilgemalmaz.com\/?page_id=123","title":{"rendered":"Kooperatifler Mevzuat\u0131"},"content":{"rendered":"<p><a href=\"javascript:na_open_window('test', 'http:\/\/www.alomaliye.com\/kooperatif_ana_sayfa.htm', 120, 100, 960, 750, 0, 0, 1, 1, 1)\" target=\"_self\">Kooperatifler Mevzuat\u0131 Listesi \u0130\u00e7in T\u0131klay\u0131n<\/a><\/p>\n","protected":false},"excerpt":{"rendered":"<p>Kooperatifler Mevzuat\u0131 Listesi \u0130\u00e7in T\u0131klay\u0131n<\/p>\n","protected":false},"author":1,"featured_media":0,"parent":0,"menu_order":0,"comment_status":"open","ping_status":"open","template":"","meta":{"footnotes":""},"class_list":["post-123","page","type-page","status-publish","hentry"],"_links":{"self":[{"href":"http:\/\/www.adilgemalmaz.com\/index.php?rest_route=\/wp\/v2\/pages\/123","targetHints":{"allow":["GET"]}}],"collection":[{"href":"http:\/\/www.adilgemalmaz.com\/index.php?rest_route=\/wp\/v2\/pages"}],"about":[{"href":"http:\/\/www.adilgemalmaz.com\/index.php?rest_route=\/wp\/v2\/types\/page"}],"author":[{"embeddable":true,"href":"http:\/\/www.adilgemalmaz.com\/index.php?rest_route=\/wp\/v2\/users\/1"}],"replies":[{"embeddable":true,"href":"http:\/\/www.adilgemalmaz.com\/index.php?rest_route=%2Fwp%2Fv2%2Fcomments&post=123"}],"version-history":[{"count":0,"href":"http:\/\/www.adilgemalmaz.com\/index.php?rest_route=\/wp\/v2\/pages\/123\/revisions"}],"wp:attachment":[{"href":"http:\/\/www.adilgemalmaz.com\/index.php?rest_route=%2Fwp%2Fv2%2Fmedia&parent=123"}],"curies":[{"name":"wp","href":"https:\/\/api.w.org\/{rel}","templated":true}]}}