{"id":122,"date":"2011-03-14T08:48:29","date_gmt":"2011-03-14T08:48:29","guid":{"rendered":"http:\/\/www.vergihaber.net\/?page_id=35"},"modified":"2011-03-14T08:48:29","modified_gmt":"2011-03-14T08:48:29","slug":"kdv-oranlari-ve-listesi-2","status":"publish","type":"page","link":"http:\/\/www.adilgemalmaz.com\/?page_id=122","title":{"rendered":"KDV Oranlar\u0131 ve Listesi"},"content":{"rendered":"<p style=\"text-align: center;\"><a href=\"http:\/\/www.gib.gov.tr\/index.php?id=830\" target=\"_blank\"><strong>G\u00fcncel KDV Oran ve Listesi \u0130\u00e7in T\u0131klay\u0131n\u0131z<\/strong><\/a><\/p>\n<p style=\"text-align: center;\">\n<p style=\"text-align: center;\">\n","protected":false},"excerpt":{"rendered":"<p>G\u00fcncel KDV Oran ve Listesi \u0130\u00e7in T\u0131klay\u0131n\u0131z<\/p>\n","protected":false},"author":1,"featured_media":0,"parent":0,"menu_order":0,"comment_status":"open","ping_status":"open","template":"","meta":{"footnotes":""},"class_list":["post-122","page","type-page","status-publish","hentry"],"_links":{"self":[{"href":"http:\/\/www.adilgemalmaz.com\/index.php?rest_route=\/wp\/v2\/pages\/122","targetHints":{"allow":["GET"]}}],"collection":[{"href":"http:\/\/www.adilgemalmaz.com\/index.php?rest_route=\/wp\/v2\/pages"}],"about":[{"href":"http:\/\/www.adilgemalmaz.com\/index.php?rest_route=\/wp\/v2\/types\/page"}],"author":[{"embeddable":true,"href":"http:\/\/www.adilgemalmaz.com\/index.php?rest_route=\/wp\/v2\/users\/1"}],"replies":[{"embeddable":true,"href":"http:\/\/www.adilgemalmaz.com\/index.php?rest_route=%2Fwp%2Fv2%2Fcomments&post=122"}],"version-history":[{"count":0,"href":"http:\/\/www.adilgemalmaz.com\/index.php?rest_route=\/wp\/v2\/pages\/122\/revisions"}],"wp:attachment":[{"href":"http:\/\/www.adilgemalmaz.com\/index.php?rest_route=%2Fwp%2Fv2%2Fmedia&parent=122"}],"curies":[{"name":"wp","href":"https:\/\/api.w.org\/{rel}","templated":true}]}}