{"id":120,"date":"2011-03-14T08:47:45","date_gmt":"2011-03-14T08:47:45","guid":{"rendered":"http:\/\/www.vergihaber.net\/?page_id=31"},"modified":"2011-03-14T08:47:45","modified_gmt":"2011-03-14T08:47:45","slug":"iscilik-maliyetleri-2","status":"publish","type":"page","link":"http:\/\/www.adilgemalmaz.com\/?page_id=120","title":{"rendered":"\u0130\u015f\u00e7ilik Maliyetleri"},"content":{"rendered":"<p><iframe loading=\"lazy\" name=\"iframe\" src=\"http:\/\/www.alomaliye.com\/muhasebeweb\/iscilik_maliyetleri.htm\" width=\"548\" height=\"885\" marginwidth=\"1\" marginheight=\"1\" scrolling=\"no\" align=\"absmiddle\" border=\"0\" frameborder=\"0\"><\/iframe><\/p>\n","protected":false},"excerpt":{"rendered":"","protected":false},"author":1,"featured_media":0,"parent":0,"menu_order":0,"comment_status":"open","ping_status":"open","template":"","meta":{"footnotes":""},"class_list":["post-120","page","type-page","status-publish","hentry"],"_links":{"self":[{"href":"http:\/\/www.adilgemalmaz.com\/index.php?rest_route=\/wp\/v2\/pages\/120","targetHints":{"allow":["GET"]}}],"collection":[{"href":"http:\/\/www.adilgemalmaz.com\/index.php?rest_route=\/wp\/v2\/pages"}],"about":[{"href":"http:\/\/www.adilgemalmaz.com\/index.php?rest_route=\/wp\/v2\/types\/page"}],"author":[{"embeddable":true,"href":"http:\/\/www.adilgemalmaz.com\/index.php?rest_route=\/wp\/v2\/users\/1"}],"replies":[{"embeddable":true,"href":"http:\/\/www.adilgemalmaz.com\/index.php?rest_route=%2Fwp%2Fv2%2Fcomments&post=120"}],"version-history":[{"count":0,"href":"http:\/\/www.adilgemalmaz.com\/index.php?rest_route=\/wp\/v2\/pages\/120\/revisions"}],"wp:attachment":[{"href":"http:\/\/www.adilgemalmaz.com\/index.php?rest_route=%2Fwp%2Fv2%2Fmedia&parent=120"}],"curies":[{"name":"wp","href":"https:\/\/api.w.org\/{rel}","templated":true}]}}