{"id":116,"date":"2011-03-14T08:46:02","date_gmt":"2011-03-14T08:46:02","guid":{"rendered":"http:\/\/www.vergihaber.net\/?page_id=23"},"modified":"2014-07-11T14:37:05","modified_gmt":"2014-07-11T11:37:05","slug":"hizmetlerimiz-2","status":"publish","type":"page","link":"http:\/\/www.adilgemalmaz.com\/?page_id=116","title":{"rendered":"Hizmetlerimiz"},"content":{"rendered":"<p>&#8211; Mali ve finansal konularda mali m\u00fc\u015favirlik, dan\u0131\u015fmanl\u0131k ve denetim hizmetleri,<br \/>\n&#8211; Yerli ve Yabanc\u0131 Sermayeli \u015eirket Kurulu\u015flar\u0131, S\u00f6zle\u015fme Tadilleri, Tescil ,sirket evliligi vs. i\u015flemleri,<br \/>\n&#8211; M\u00fc\u015favirli\u011fimizin \u00e7\u00f6z\u00fcm ortaklar\u0131 aras\u0131nda yer alan Yeminli Mali M\u00fc\u015favir, Avukat, Sistem Analistleri ve konular\u0131nda uzman di\u011fer personellerimiz arac\u0131l\u0131\u011f\u0131 ile; firmalar\u0131n maliyet muhasebelerine ili\u015fkin sistem kurulmas\u0131, finansal analizler, mali analizler, de\u011ferleme raporlar\u0131,Vergi Planlamas\u0131,SSK \u00d6l\u00e7\u00fcmlemeleri,\u00a0\u00a0 Ar-Ge Uygulamalar\u0131, Avrupa Birli\u011fi Fonlar\u0131, Vergi Te\u015fvikleri ve benzeri konularda \u00e7al\u0131\u015fmalar yaparak, firman\u0131za \u00e7\u00f6z\u00fcmler \u00fcretiyoruz.<\/p>\n<p>&nbsp;<br \/>\n1.\u00a0\u00a0 \u00a0DENET\u0130M H\u0130ZMETLER\u0130<br \/>\n2.\u00a0\u00a0 \u00a0MUHASEBE H\u0130ZMETLER\u0130<br \/>\n3.\u00a0\u00a0 \u00a0DANI\u015eMANLIK H\u0130ZMETLER\u0130<br \/>\n4.\u00a0\u00a0 \u00a0F\u0130NANSAL H\u0130ZMETLER<br \/>\n5.\u00a0\u00a0 \u00a0TE\u015eV\u0130K MEVZUATI<br \/>\n6.\u00a0\u00a0 \u00a0MUHASEBE ve F\u0130NANS<br \/>\n7.\u00a0\u00a0 \u00a0VERG\u0130 DANI\u015eMANLI\u011eI VE MAL\u0130 HUKUK<br \/>\n8.\u00a0\u00a0 \u00a0BA\u011eIMSIZ DENET\u0130M<br \/>\n9.\u00a0\u00a0 \u00a0KURUMSAL F\u0130NANS VE Y\u00d6NET\u0130M DANI\u015eMANLI\u011eI<br \/>\n10.\u00a0\u00a0 \u00a0MARKA VE PATENT DANI\u015eMANLI\u011eI<\/p>\n<p>&nbsp;<br \/>\n<strong>A- DENET\u0130M H\u0130ZMETLER\u0130<\/strong><br \/>\n\u201cMuhasebe Sisteminde i\u015f ve belge ak\u0131\u015f d\u00fczeninin olu\u015fturulmas\u0131 ve i\u00e7 kontrol sistemlerinin kurulmas\u0131;\u201d<br \/>\n\u2022\u00a0\u00a0 \u00a0Sekt\u00f6r Analizi,<br \/>\n\u2022\u00a0\u00a0 \u00a0Hesaplar\u0131n Denetimi,<br \/>\n\u2022\u00a0\u00a0 \u00a0\u015eirket i\u00e7 muhasebe sisteminin g\u00f6zden ge\u00e7irilmesi,<br \/>\n\u2022\u00a0\u00a0 \u00a0Ticari Risklerin De\u011ferlendirilmesi,<br \/>\n\u2022\u00a0\u00a0 \u00a0B\u00fct\u00e7e haz\u0131rlama ve g\u00f6zden ge\u00e7irilmesi konular\u0131nda \u00e7al\u0131\u015fmalarda bulunmak,<br \/>\n\u2022\u00a0\u00a0 \u00a0K\u00e2rl\u0131l\u0131k ve Verimlilik Denetimi,<br \/>\n\u2022\u00a0\u00a0 \u00a0Kredi Verilebilir ve Kredi Uygulamalar\u0131 Denetimi,<br \/>\n\u2022\u00a0\u00a0 \u00a0\u00d6zel Ama\u00e7l\u0131 Di\u011fer Denetimler.<\/p>\n<p>&nbsp;<\/p>\n<p><strong>B- MUHASEBE H\u0130ZMETLER\u0130<\/strong><br \/>\n\u201cGenel Muhasebe,Maliyet Muhasebesi,D\u0131\u015f Ticaret Muhasebesi ve Y\u00f6netim Muhasebesi;\u201d<br \/>\n\u2022\u00a0\u00a0 \u00a0T\u00fcm s\u00fcre\u00e7lerin yerine getirilmesi,<br \/>\n\u2022\u00a0\u00a0 \u00a0Vergi ve Yasal Y\u00fck\u00fcml\u00fcl\u00fckler,<br \/>\n\u2022\u00a0\u00a0 \u00a0Y\u00f6netsel Raporlamalar,<br \/>\n\u2022\u00a0\u00a0 \u00a0Her t\u00fcrl\u00fc, ihtilafl\u0131 i\u015f ve i\u015flemlerin \u00e7\u00f6z\u00fcm\u00fc.<\/p>\n<p>&nbsp;<br \/>\n<strong>C- DANI\u015eMANLIK H\u0130ZMETLER\u0130<\/strong><br \/>\n\u2022\u00a0\u00a0 \u00a0Vergi ve SGK Mevzuat\u0131 de\u011fi\u015fikliklerinin devaml\u0131 \u015fekilde takibi ile de\u011fi\u015fikliklerin sirk\u00fcler halinde bildirilmesi,<br \/>\n\u2022\u00a0\u00a0 \u00a0Ayl\u0131k Beyannamelerin Kontrol\u00fc,<br \/>\n\u2022\u00a0\u00a0 \u00a0\u015eirket Y\u00f6neticileri ile gerekti\u011finde mali konularda isti\u015farelerde bulunulmas\u0131,<br \/>\n\u2022\u00a0\u00a0 \u00a0\u015eirket merkez ve ta\u015fra te\u015fkilatlar\u0131ndan gelen sorulara gerekli cevaplar\u0131n verilmesi,<br \/>\n\u2022\u00a0\u00a0 \u00a0Y\u0131ll\u0131k Beyannamelerin haz\u0131rlanmas\u0131,<br \/>\n\u2022\u00a0\u00a0 \u00a0Serbest B\u00f6lge Uygulamalar\u0131,<br \/>\n\u2022\u00a0\u00a0 \u00a0G\u00fcmr\u00fck Vergileri\u00a0 ile ilgili Dan\u0131\u015fmanl\u0131k,<br \/>\n\u2022\u00a0\u00a0 \u00a0Vergi Uyu\u015fmazl\u0131klar\u0131na ili\u015fkin Dan\u0131\u015fmanl\u0131klar,<br \/>\n\u2022\u00a0\u00a0 \u00a0Sigortac\u0131l\u0131k,Finansal Kiralama ve uygulamalar\u0131 hakk\u0131nda Dan\u0131\u015fmanl\u0131k,<br \/>\n\u2022\u00a0\u00a0 \u00a0Bilirki\u015filik Hizmetleri.<\/p>\n<p>&nbsp;<br \/>\n<strong>D-\u00a0 F\u0130NANSAL H\u0130ZMETLER<\/strong><br \/>\n\u201cFayda-Maliyet Esas\u0131na G\u00f6re Her t\u00fcrl\u00fc Banka Kredileri;\u201d<br \/>\n\u2022\u00a0\u00a0 \u00a0Te\u015fvik Kredileri,<br \/>\n\u2022\u00a0\u00a0 \u00a0\u0130hracat Kredisi,<br \/>\n\u2022\u00a0\u00a0 \u00a0Eximbank Kredisi,<br \/>\n\u2022\u00a0\u00a0 \u00a0\u0130.T.O Kredisi,<br \/>\n\u2022\u00a0\u00a0 \u00a0Makine-Te\u00e7hizat Kredisi,<br \/>\n\u2022\u00a0\u00a0 \u00a0Kosgeb Kredileri,<br \/>\n\u2022\u00a0\u00a0 \u00a0Rotatif ve Spot TL.ve D\u00f6viz Kredileri<br \/>\n<strong>E- TE\u015eV\u0130K MEVZUATI<\/strong><br \/>\n\u2022\u00a0\u00a0 \u00a0Devlet Te\u015fvikleri,<br \/>\n\u2022\u00a0\u00a0 \u00a0Kosgeb Te\u015fvikleri,<br \/>\n\u2022\u00a0\u00a0 \u00a0KOB\u0130 Stat\u00fcs\u00fc.<\/p>\n<p>&nbsp;<\/p>\n<p><strong>F- MUHASEBE ve F\u0130NANS<\/strong><br \/>\n\u2022\u00a0\u00a0 \u00a0Yerli ve yabanc\u0131 sermayeli \u015firket,\u00a0 \u015fube ve irtibat b\u00fcrosu kurulu\u015fu<br \/>\n\u2022\u00a0\u00a0 \u00a0Muhasebe defterlerinin bilgisayar deste\u011fiyle mevzuata uygun bir \u015fekilde tutulmas\u0131<br \/>\n\u2022\u00a0\u00a0 \u00a0Katma De\u011fer Vergisi,Gelir ve Kurumlar Vergisi beyannamelerinin d\u00fczenlenmesi<br \/>\n\u2022\u00a0\u00a0 \u00a0Sosyal G\u00fcvenlik Kurumu beyannamelerinin\u00a0 haz\u0131rlanmas\u0131<br \/>\n\u2022\u00a0\u00a0 \u00a0\u00dccret bordrolar\u0131n\u0131n haz\u0131rlanmas\u0131<br \/>\n\u2022\u00a0\u00a0 \u00a0Muhasebe kay\u0131tlar\u0131n\u0131n revizyonu<br \/>\n\u2022\u00a0\u00a0 \u00a0Uluslar aras\u0131 muhasebe standartlar\u0131na (International Accounting Standarts \u2013IAS)g\u00f6re raporlama<br \/>\n\u2022\u00a0\u00a0 \u00a0Finansal tablolar\u0131n yabanc\u0131 para birimine uygulanmas\u0131<br \/>\n\u2022\u00a0\u00a0 \u00a0Fizibilite \u00c7al\u0131\u015fmalar\u0131<br \/>\n\u2022\u00a0\u00a0 \u00a0B\u00fct\u00e7e planlama ve analizi<br \/>\n\u2022\u00a0\u00a0 \u00a0Finansal analiz<\/p>\n<p>&nbsp;<\/p>\n<p><strong>G- VERG\u0130 DANI\u015eMANLI\u011eI VE MAL\u0130 HUKUK<\/strong><br \/>\n\u2022\u00a0\u00a0 \u00a0\u015eirket tasfiye i\u015flemleri ve iflas, konkordato dan\u0131\u015fmanl\u0131\u011f\u0131<br \/>\n\u2022\u00a0\u00a0 \u00a0Vergi dan\u0131\u015fmanl\u0131\u011f\u0131<br \/>\n\u2022\u00a0\u00a0 \u00a0Vergi incelemesi \u00f6ncesinde gerekli haz\u0131rl\u0131klar\u0131n yap\u0131lmas\u0131<br \/>\n\u2022\u00a0\u00a0 \u00a0Vergi incelemesi s\u00fcrecinde yap\u0131lan tespitlerle ilgili dan\u0131\u015fmanl\u0131k<br \/>\n\u2022\u00a0\u00a0 \u00a0Tarhiyat \u00f6ncesi ve sonras\u0131 uzla\u015fma yap\u0131lmas\u0131<br \/>\n\u2022\u00a0\u00a0 \u00a0Vergi mahkemelerine dava dosyalar\u0131 haz\u0131rlanmas\u0131, davan\u0131n takibi ve gerekirse temyiz merciine\u00a0 gidilmesi<br \/>\n\u2022\u00a0\u00a0 \u00a0Tereke i\u015fleri<\/p>\n<p>&nbsp;<\/p>\n<p><strong>H- BA\u011eIMSIZ DENET\u0130M<\/strong><br \/>\n\u2022\u00a0\u00a0 \u00a0Ba\u011f\u0131ms\u0131z denetim<br \/>\n\u2022\u00a0\u00a0 \u00a0Konsolidasyon<br \/>\n\u2022\u00a0\u00a0 \u00a0\u0130\u00e7 kontrol ve denetim sistemi de\u011ferlendirmesi<br \/>\n\u2022\u00a0\u00a0 \u00a0\u0130\u00e7 denetim departman\u0131 kurulmas\u0131 ve yap\u0131land\u0131rmas\u0131<br \/>\n\u2022\u00a0\u00a0 \u00a0\u015eirkete \u00f6zel mali analizleri<br \/>\n\u2022\u00a0\u00a0 \u00a0Uluslar aras\u0131 muhasebe standartlar\u0131na uygun bilan\u00e7o haz\u0131rlanmas\u0131<\/p>\n<p>&nbsp;<\/p>\n<p><strong>I- KURUMSAL F\u0130NANS VE Y\u00d6NET\u0130M DANI\u015eMANLI\u011eI<\/strong><br \/>\n\u2022\u00a0\u00a0 \u00a0\u015eirket birle\u015fmesi<br \/>\n\u2022\u00a0\u00a0 \u00a0\u015eirket al\u0131m ve sat\u0131mlar\u0131<br \/>\n\u2022\u00a0\u00a0 \u00a0\u015eirket de\u011ferlendirmeleri<br \/>\nYeniden yap\u0131lanma(finansal\/y\u00f6netim)<\/p>\n<p>&nbsp;<\/p>\n","protected":false},"excerpt":{"rendered":"<p>&#8211; Mali ve finansal konularda mali m\u00fc\u015favirlik, dan\u0131\u015fmanl\u0131k ve denetim hizmetleri, &#8211; Yerli ve Yabanc\u0131 Sermayeli \u015eirket Kurulu\u015flar\u0131, S\u00f6zle\u015fme Tadilleri, Tescil ,sirket evliligi vs. i\u015flemleri, &#8211; M\u00fc\u015favirli\u011fimizin \u00e7\u00f6z\u00fcm ortaklar\u0131 aras\u0131nda yer alan Yeminli Mali M\u00fc\u015favir, Avukat, Sistem Analistleri ve konular\u0131nda uzman di\u011fer personellerimiz arac\u0131l\u0131\u011f\u0131 ile; firmalar\u0131n maliyet muhasebelerine ili\u015fkin sistem kurulmas\u0131, finansal analizler, mali analizler, [&hellip;]<\/p>\n","protected":false},"author":1,"featured_media":0,"parent":0,"menu_order":0,"comment_status":"open","ping_status":"open","template":"","meta":{"footnotes":""},"class_list":["post-116","page","type-page","status-publish","hentry"],"_links":{"self":[{"href":"http:\/\/www.adilgemalmaz.com\/index.php?rest_route=\/wp\/v2\/pages\/116","targetHints":{"allow":["GET"]}}],"collection":[{"href":"http:\/\/www.adilgemalmaz.com\/index.php?rest_route=\/wp\/v2\/pages"}],"about":[{"href":"http:\/\/www.adilgemalmaz.com\/index.php?rest_route=\/wp\/v2\/types\/page"}],"author":[{"embeddable":true,"href":"http:\/\/www.adilgemalmaz.com\/index.php?rest_route=\/wp\/v2\/users\/1"}],"replies":[{"embeddable":true,"href":"http:\/\/www.adilgemalmaz.com\/index.php?rest_route=%2Fwp%2Fv2%2Fcomments&post=116"}],"version-history":[{"count":3,"href":"http:\/\/www.adilgemalmaz.com\/index.php?rest_route=\/wp\/v2\/pages\/116\/revisions"}],"predecessor-version":[{"id":266,"href":"http:\/\/www.adilgemalmaz.com\/index.php?rest_route=\/wp\/v2\/pages\/116\/revisions\/266"}],"wp:attachment":[{"href":"http:\/\/www.adilgemalmaz.com\/index.php?rest_route=%2Fwp%2Fv2%2Fmedia&parent=116"}],"curies":[{"name":"wp","href":"https:\/\/api.w.org\/{rel}","templated":true}]}}